{"id":136,"date":"2022-06-27T16:48:31","date_gmt":"2022-06-27T16:48:31","guid":{"rendered":"http:\/\/sitesi.com.mx\/?page_id=136"},"modified":"2022-06-27T17:16:42","modified_gmt":"2022-06-27T17:16:42","slug":"certificaciones","status":"publish","type":"page","link":"https:\/\/sitesi.com.mx\/?page_id=136","title":{"rendered":"Certificaciones"},"content":{"rendered":"\t\t<div data-elementor-type=\"wp-page\" data-elementor-id=\"136\" class=\"elementor elementor-136\">\n\t\t\t\t\t\t\t\t\t<section class=\"elementor-section elementor-top-section elementor-element elementor-element-8bbc497 elementor-section-boxed elementor-section-height-default elementor-section-height-default\" data-id=\"8bbc497\" data-element_type=\"section\">\n\t\t\t\t\t\t<div class=\"elementor-container elementor-column-gap-default\">\n\t\t\t\t\t<div class=\"elementor-column elementor-col-100 elementor-top-column elementor-element elementor-element-efe50e2\" data-id=\"efe50e2\" data-element_type=\"column\">\n\t\t\t<div class=\"elementor-widget-wrap elementor-element-populated\">\n\t\t\t\t\t\t\t\t<div class=\"elementor-element elementor-element-19bf08f elementor-widget elementor-widget-heading\" data-id=\"19bf08f\" data-element_type=\"widget\" data-widget_type=\"heading.default\">\n\t\t\t\t<div class=\"elementor-widget-container\">\n\t\t\t<style>\/*! elementor - v3.6.6 - 08-06-2022 *\/\n.elementor-heading-title{padding:0;margin:0;line-height:1}.elementor-widget-heading .elementor-heading-title[class*=elementor-size-]>a{color:inherit;font-size:inherit;line-height:inherit}.elementor-widget-heading .elementor-heading-title.elementor-size-small{font-size:15px}.elementor-widget-heading .elementor-heading-title.elementor-size-medium{font-size:19px}.elementor-widget-heading .elementor-heading-title.elementor-size-large{font-size:29px}.elementor-widget-heading .elementor-heading-title.elementor-size-xl{font-size:39px}.elementor-widget-heading .elementor-heading-title.elementor-size-xxl{font-size:59px}<\/style><h2 class=\"elementor-heading-title elementor-size-default\">Certificaci\u00f3n ISO 27001<\/h2>\t\t<\/div>\n\t\t\t\t<\/div>\n\t\t\t\t\t<\/div>\n\t\t<\/div>\n\t\t\t\t\t\t\t<\/div>\n\t\t<\/section>\n\t\t\t\t<section class=\"elementor-section elementor-top-section elementor-element elementor-element-88d5808 elementor-section-boxed elementor-section-height-default elementor-section-height-default\" data-id=\"88d5808\" data-element_type=\"section\">\n\t\t\t\t\t\t<div class=\"elementor-container elementor-column-gap-default\">\n\t\t\t\t\t<div class=\"elementor-column elementor-col-100 elementor-top-column elementor-element elementor-element-d0ba048\" data-id=\"d0ba048\" data-element_type=\"column\">\n\t\t\t<div class=\"elementor-widget-wrap elementor-element-populated\">\n\t\t\t\t\t\t\t\t<div class=\"elementor-element elementor-element-ebebe36 elementor-widget elementor-widget-text-editor\" data-id=\"ebebe36\" data-element_type=\"widget\" data-widget_type=\"text-editor.default\">\n\t\t\t\t<div class=\"elementor-widget-container\">\n\t\t\t<style>\/*! elementor - v3.6.6 - 08-06-2022 *\/\n.elementor-widget-text-editor.elementor-drop-cap-view-stacked .elementor-drop-cap{background-color:#818a91;color:#fff}.elementor-widget-text-editor.elementor-drop-cap-view-framed .elementor-drop-cap{color:#818a91;border:3px solid;background-color:transparent}.elementor-widget-text-editor:not(.elementor-drop-cap-view-default) .elementor-drop-cap{margin-top:8px}.elementor-widget-text-editor:not(.elementor-drop-cap-view-default) .elementor-drop-cap-letter{width:1em;height:1em}.elementor-widget-text-editor .elementor-drop-cap{float:left;text-align:center;line-height:1;font-size:50px}.elementor-widget-text-editor .elementor-drop-cap-letter{display:inline-block}<\/style>\t\t\t\t<h5>Se emplea para la certificaci\u00f3n de los sistemas de gesti\u00f3n de seguridad de la informaci\u00f3n en las organizaciones empresariales.<\/h5>\t\t\t\t\t\t<\/div>\n\t\t\t\t<\/div>\n\t\t\t\t\t<\/div>\n\t\t<\/div>\n\t\t\t\t\t\t\t<\/div>\n\t\t<\/section>\n\t\t\t\t<section class=\"elementor-section elementor-top-section elementor-element elementor-element-8a2643f elementor-section-boxed elementor-section-height-default elementor-section-height-default\" data-id=\"8a2643f\" data-element_type=\"section\">\n\t\t\t\t\t\t<div class=\"elementor-container elementor-column-gap-default\">\n\t\t\t\t\t<div class=\"elementor-column elementor-col-100 elementor-top-column elementor-element elementor-element-77f56ce\" data-id=\"77f56ce\" data-element_type=\"column\">\n\t\t\t<div class=\"elementor-widget-wrap elementor-element-populated\">\n\t\t\t\t\t\t\t\t<div class=\"elementor-element elementor-element-ed6bd06 elementor-widget elementor-widget-image\" data-id=\"ed6bd06\" data-element_type=\"widget\" data-widget_type=\"image.default\">\n\t\t\t\t<div class=\"elementor-widget-container\">\n\t\t\t<style>\/*! elementor - v3.6.6 - 08-06-2022 *\/\n.elementor-widget-image{text-align:center}.elementor-widget-image a{display:inline-block}.elementor-widget-image a img[src$=\".svg\"]{width:48px}.elementor-widget-image img{vertical-align:middle;display:inline-block}<\/style>\t\t\t\t\t\t\t\t\t\t\t\t<img loading=\"lazy\" decoding=\"async\" width=\"750\" height=\"394\" src=\"https:\/\/sitesi.com.mx\/wp-content\/uploads\/2022\/06\/que-es-iso-27001-seguridad-de-la-informacion.jpeg\" class=\"attachment-large size-large\" alt=\"\" srcset=\"https:\/\/sitesi.com.mx\/wp-content\/uploads\/2022\/06\/que-es-iso-27001-seguridad-de-la-informacion.jpeg 750w, https:\/\/sitesi.com.mx\/wp-content\/uploads\/2022\/06\/que-es-iso-27001-seguridad-de-la-informacion-300x158.jpeg 300w\" sizes=\"(max-width: 750px) 100vw, 750px\" \/>\t\t\t\t\t\t\t\t\t\t\t\t\t\t\t<\/div>\n\t\t\t\t<\/div>\n\t\t\t\t\t<\/div>\n\t\t<\/div>\n\t\t\t\t\t\t\t<\/div>\n\t\t<\/section>\n\t\t\t\t<section class=\"elementor-section elementor-top-section elementor-element elementor-element-05cc967 elementor-section-boxed elementor-section-height-default elementor-section-height-default\" data-id=\"05cc967\" data-element_type=\"section\">\n\t\t\t\t\t\t<div class=\"elementor-container elementor-column-gap-default\">\n\t\t\t\t\t<div class=\"elementor-column elementor-col-100 elementor-top-column elementor-element elementor-element-5cfcaa7\" data-id=\"5cfcaa7\" data-element_type=\"column\">\n\t\t\t<div class=\"elementor-widget-wrap elementor-element-populated\">\n\t\t\t\t\t\t\t\t<div class=\"elementor-element elementor-element-cc1c2b0 elementor-widget elementor-widget-heading\" data-id=\"cc1c2b0\" data-element_type=\"widget\" data-widget_type=\"heading.default\">\n\t\t\t\t<div class=\"elementor-widget-container\">\n\t\t\t<h2 class=\"elementor-heading-title elementor-size-default\">Dise\u00f1o de Redes<\/h2>\t\t<\/div>\n\t\t\t\t<\/div>\n\t\t\t\t\t<\/div>\n\t\t<\/div>\n\t\t\t\t\t\t\t<\/div>\n\t\t<\/section>\n\t\t\t\t<section class=\"elementor-section elementor-top-section elementor-element elementor-element-2b77a9d elementor-section-boxed elementor-section-height-default elementor-section-height-default\" data-id=\"2b77a9d\" data-element_type=\"section\">\n\t\t\t\t\t\t<div class=\"elementor-container elementor-column-gap-default\">\n\t\t\t\t\t<div class=\"elementor-column elementor-col-50 elementor-top-column elementor-element elementor-element-1cbc73f\" data-id=\"1cbc73f\" data-element_type=\"column\">\n\t\t\t<div class=\"elementor-widget-wrap elementor-element-populated\">\n\t\t\t\t\t\t\t\t<div class=\"elementor-element elementor-element-639f47a elementor-widget elementor-widget-text-editor\" data-id=\"639f47a\" data-element_type=\"widget\" data-widget_type=\"text-editor.default\">\n\t\t\t\t<div class=\"elementor-widget-container\">\n\t\t\t\t\t\t\t<h5>Infraestructura de red inteligente para las actuales soluciones empresariales. Mediante la convergencia de voz, datos y video, tu empresa tiene los recursos de red estrat\u00e9gicos necesarios para sacar el m\u00e1ximo partido de las aplicaciones empresariales que te permitir\u00e1n:\u00a0<\/h5>\t\t\t\t\t\t<\/div>\n\t\t\t\t<\/div>\n\t\t\t\t\t<\/div>\n\t\t<\/div>\n\t\t\t\t<div class=\"elementor-column elementor-col-50 elementor-top-column elementor-element elementor-element-b2561f0\" data-id=\"b2561f0\" data-element_type=\"column\">\n\t\t\t<div class=\"elementor-widget-wrap elementor-element-populated\">\n\t\t\t\t\t\t\t\t<div class=\"elementor-element elementor-element-24fafac elementor-widget elementor-widget-text-editor\" data-id=\"24fafac\" data-element_type=\"widget\" data-widget_type=\"text-editor.default\">\n\t\t\t\t<div class=\"elementor-widget-container\">\n\t\t\t\t\t\t\t<ul><li><h5>Reducir costos<\/h5><\/li><li><h5>Habilitar arquitectura<\/h5><\/li><li><h5>Incrementar productividad<\/h5><\/li><li><h5>Flexibilidad y control de cuentas<\/h5><\/li><li><h5>Servicio excepcional a clientes<\/h5><\/li><\/ul>\t\t\t\t\t\t<\/div>\n\t\t\t\t<\/div>\n\t\t\t\t\t<\/div>\n\t\t<\/div>\n\t\t\t\t\t\t\t<\/div>\n\t\t<\/section>\n\t\t\t\t<section class=\"elementor-section elementor-top-section elementor-element elementor-element-a489b54 elementor-section-boxed elementor-section-height-default elementor-section-height-default\" data-id=\"a489b54\" data-element_type=\"section\">\n\t\t\t\t\t\t<div class=\"elementor-container elementor-column-gap-default\">\n\t\t\t\t\t<div class=\"elementor-column elementor-col-100 elementor-top-column elementor-element elementor-element-35b9396\" data-id=\"35b9396\" data-element_type=\"column\">\n\t\t\t<div class=\"elementor-widget-wrap elementor-element-populated\">\n\t\t\t\t\t\t\t\t<div class=\"elementor-element elementor-element-a730bb1 elementor-widget elementor-widget-image\" data-id=\"a730bb1\" data-element_type=\"widget\" data-widget_type=\"image.default\">\n\t\t\t\t<div class=\"elementor-widget-container\">\n\t\t\t\t\t\t\t\t\t\t\t\t\t\t\t<img loading=\"lazy\" decoding=\"async\" width=\"1024\" height=\"576\" src=\"https:\/\/sitesi.com.mx\/wp-content\/uploads\/2022\/06\/network-698598_1920-1024x576.jpg\" class=\"attachment-large size-large\" alt=\"\" srcset=\"https:\/\/sitesi.com.mx\/wp-content\/uploads\/2022\/06\/network-698598_1920-1024x576.jpg 1024w, https:\/\/sitesi.com.mx\/wp-content\/uploads\/2022\/06\/network-698598_1920-300x169.jpg 300w, https:\/\/sitesi.com.mx\/wp-content\/uploads\/2022\/06\/network-698598_1920-768x432.jpg 768w, https:\/\/sitesi.com.mx\/wp-content\/uploads\/2022\/06\/network-698598_1920-1536x864.jpg 1536w, https:\/\/sitesi.com.mx\/wp-content\/uploads\/2022\/06\/network-698598_1920.jpg 1920w\" sizes=\"(max-width: 1024px) 100vw, 1024px\" \/>\t\t\t\t\t\t\t\t\t\t\t\t\t\t\t<\/div>\n\t\t\t\t<\/div>\n\t\t\t\t\t<\/div>\n\t\t<\/div>\n\t\t\t\t\t\t\t<\/div>\n\t\t<\/section>\n\t\t\t\t<section class=\"elementor-section elementor-top-section elementor-element elementor-element-a0298db elementor-section-boxed elementor-section-height-default elementor-section-height-default\" data-id=\"a0298db\" data-element_type=\"section\">\n\t\t\t\t\t\t<div class=\"elementor-container elementor-column-gap-default\">\n\t\t\t\t\t<div class=\"elementor-column elementor-col-100 elementor-top-column elementor-element elementor-element-1d39168\" data-id=\"1d39168\" data-element_type=\"column\">\n\t\t\t<div class=\"elementor-widget-wrap elementor-element-populated\">\n\t\t\t\t\t\t\t\t<div class=\"elementor-element elementor-element-f606e44 elementor-widget elementor-widget-heading\" data-id=\"f606e44\" data-element_type=\"widget\" data-widget_type=\"heading.default\">\n\t\t\t\t<div class=\"elementor-widget-container\">\n\t\t\t<h2 class=\"elementor-heading-title elementor-size-default\">\u00c1rea de Dise\u00f1o<\/h2>\t\t<\/div>\n\t\t\t\t<\/div>\n\t\t\t\t\t<\/div>\n\t\t<\/div>\n\t\t\t\t\t\t\t<\/div>\n\t\t<\/section>\n\t\t\t\t<section class=\"elementor-section elementor-top-section elementor-element elementor-element-cb05bbe elementor-section-boxed elementor-section-height-default elementor-section-height-default\" data-id=\"cb05bbe\" data-element_type=\"section\">\n\t\t\t\t\t\t<div class=\"elementor-container elementor-column-gap-default\">\n\t\t\t\t\t<div class=\"elementor-column elementor-col-100 elementor-top-column elementor-element elementor-element-a282d5b\" data-id=\"a282d5b\" data-element_type=\"column\">\n\t\t\t<div class=\"elementor-widget-wrap elementor-element-populated\">\n\t\t\t\t\t\t\t\t<div class=\"elementor-element elementor-element-210767e elementor-widget elementor-widget-text-editor\" data-id=\"210767e\" data-element_type=\"widget\" data-widget_type=\"text-editor.default\">\n\t\t\t\t<div class=\"elementor-widget-container\">\n\t\t\t\t\t\t\t<h5>Se mantiene el contacto con las \u00faltimas novedades de la tecnolog\u00eda, contando con personal altamente certificada por los fabricantes de los equipos ofertados, certificaciones que tambi\u00e9n se ofrecen.<\/h5>\t\t\t\t\t\t<\/div>\n\t\t\t\t<\/div>\n\t\t\t\t\t<\/div>\n\t\t<\/div>\n\t\t\t\t\t\t\t<\/div>\n\t\t<\/section>\n\t\t\t\t<section class=\"elementor-section elementor-top-section elementor-element elementor-element-f45dc20 elementor-section-boxed elementor-section-height-default elementor-section-height-default\" data-id=\"f45dc20\" data-element_type=\"section\">\n\t\t\t\t\t\t<div class=\"elementor-container elementor-column-gap-default\">\n\t\t\t\t\t<div class=\"elementor-column elementor-col-100 elementor-top-column elementor-element elementor-element-35756b5\" data-id=\"35756b5\" data-element_type=\"column\">\n\t\t\t<div class=\"elementor-widget-wrap elementor-element-populated\">\n\t\t\t\t\t\t\t\t<div class=\"elementor-element elementor-element-d19dacf elementor-widget elementor-widget-image\" data-id=\"d19dacf\" data-element_type=\"widget\" data-widget_type=\"image.default\">\n\t\t\t\t<div class=\"elementor-widget-container\">\n\t\t\t\t\t\t\t\t\t\t\t\t\t\t\t<img loading=\"lazy\" decoding=\"async\" width=\"1024\" height=\"322\" src=\"https:\/\/sitesi.com.mx\/wp-content\/uploads\/2022\/06\/banner-909710_1920-1024x322.jpg\" class=\"attachment-large size-large\" alt=\"\" srcset=\"https:\/\/sitesi.com.mx\/wp-content\/uploads\/2022\/06\/banner-909710_1920-1024x322.jpg 1024w, https:\/\/sitesi.com.mx\/wp-content\/uploads\/2022\/06\/banner-909710_1920-300x94.jpg 300w, https:\/\/sitesi.com.mx\/wp-content\/uploads\/2022\/06\/banner-909710_1920-768x241.jpg 768w, https:\/\/sitesi.com.mx\/wp-content\/uploads\/2022\/06\/banner-909710_1920-1536x482.jpg 1536w, https:\/\/sitesi.com.mx\/wp-content\/uploads\/2022\/06\/banner-909710_1920.jpg 1920w\" sizes=\"(max-width: 1024px) 100vw, 1024px\" \/>\t\t\t\t\t\t\t\t\t\t\t\t\t\t\t<\/div>\n\t\t\t\t<\/div>\n\t\t\t\t\t<\/div>\n\t\t<\/div>\n\t\t\t\t\t\t\t<\/div>\n\t\t<\/section>\n\t\t\t\t<section class=\"elementor-section elementor-top-section elementor-element elementor-element-1dc3c47 elementor-section-boxed elementor-section-height-default elementor-section-height-default\" data-id=\"1dc3c47\" data-element_type=\"section\">\n\t\t\t\t\t\t<div class=\"elementor-container elementor-column-gap-default\">\n\t\t\t\t\t<div class=\"elementor-column elementor-col-100 elementor-top-column elementor-element elementor-element-ef1616e\" data-id=\"ef1616e\" data-element_type=\"column\">\n\t\t\t<div class=\"elementor-widget-wrap elementor-element-populated\">\n\t\t\t\t\t\t\t\t<div class=\"elementor-element elementor-element-c125b4c elementor-widget elementor-widget-heading\" data-id=\"c125b4c\" data-element_type=\"widget\" data-widget_type=\"heading.default\">\n\t\t\t\t<div class=\"elementor-widget-container\">\n\t\t\t<h2 class=\"elementor-heading-title elementor-size-default\">Soporte y Red<\/h2>\t\t<\/div>\n\t\t\t\t<\/div>\n\t\t\t\t\t<\/div>\n\t\t<\/div>\n\t\t\t\t\t\t\t<\/div>\n\t\t<\/section>\n\t\t\t\t<section class=\"elementor-section elementor-top-section elementor-element elementor-element-3f54ad5 elementor-section-boxed elementor-section-height-default elementor-section-height-default\" data-id=\"3f54ad5\" data-element_type=\"section\">\n\t\t\t\t\t\t<div class=\"elementor-container elementor-column-gap-default\">\n\t\t\t\t\t<div class=\"elementor-column elementor-col-50 elementor-top-column elementor-element elementor-element-709a287\" data-id=\"709a287\" data-element_type=\"column\">\n\t\t\t<div class=\"elementor-widget-wrap elementor-element-populated\">\n\t\t\t\t\t\t\t\t<div class=\"elementor-element elementor-element-af158da elementor-widget elementor-widget-text-editor\" data-id=\"af158da\" data-element_type=\"widget\" data-widget_type=\"text-editor.default\">\n\t\t\t\t<div class=\"elementor-widget-container\">\n\t\t\t\t\t\t\t<h5>En nuestro Centro de Asistencia T\u00e9cnica, te garantizamos y hacemos cumplir los niveles de servicio estipulados en los contactos.<\/h5>\t\t\t\t\t\t<\/div>\n\t\t\t\t<\/div>\n\t\t\t\t\t<\/div>\n\t\t<\/div>\n\t\t\t\t<div class=\"elementor-column elementor-col-50 elementor-top-column elementor-element elementor-element-ccfa910\" data-id=\"ccfa910\" data-element_type=\"column\">\n\t\t\t<div class=\"elementor-widget-wrap elementor-element-populated\">\n\t\t\t\t\t\t\t\t<div class=\"elementor-element elementor-element-7c476b6 elementor-widget elementor-widget-text-editor\" data-id=\"7c476b6\" data-element_type=\"widget\" data-widget_type=\"text-editor.default\">\n\t\t\t\t<div class=\"elementor-widget-container\">\n\t\t\t\t\t\t\t<ul><li><h5>Disponibilidad 365 d\u00edas del a\u00f1o<\/h5><\/li><li><h5>24\/7<\/h5><\/li><li><h5>Servicio continuo en tu negocio<\/h5><\/li><li><h5>CAT fortalecido<\/h5><\/li><li><h5>Atenci\u00f3n y Seguimiento de Incidentes<\/h5><\/li><li><h5>Resoluci\u00f3n de Problemas<\/h5><\/li><\/ul>\t\t\t\t\t\t<\/div>\n\t\t\t\t<\/div>\n\t\t\t\t\t<\/div>\n\t\t<\/div>\n\t\t\t\t\t\t\t<\/div>\n\t\t<\/section>\n\t\t\t\t<section class=\"elementor-section elementor-top-section elementor-element elementor-element-b3f80a1 elementor-section-boxed elementor-section-height-default elementor-section-height-default\" data-id=\"b3f80a1\" data-element_type=\"section\">\n\t\t\t\t\t\t<div class=\"elementor-container elementor-column-gap-default\">\n\t\t\t\t\t<div class=\"elementor-column elementor-col-100 elementor-top-column elementor-element elementor-element-25da34c\" data-id=\"25da34c\" data-element_type=\"column\">\n\t\t\t<div class=\"elementor-widget-wrap elementor-element-populated\">\n\t\t\t\t\t\t\t\t<div class=\"elementor-element elementor-element-0f1eb80 elementor-widget elementor-widget-image\" data-id=\"0f1eb80\" data-element_type=\"widget\" data-widget_type=\"image.default\">\n\t\t\t\t<div class=\"elementor-widget-container\">\n\t\t\t\t\t\t\t\t\t\t\t\t\t\t\t<img loading=\"lazy\" decoding=\"async\" width=\"1024\" height=\"768\" src=\"https:\/\/sitesi.com.mx\/wp-content\/uploads\/2022\/06\/business-4313966_1920-1024x768.jpg\" class=\"attachment-large size-large\" alt=\"\" srcset=\"https:\/\/sitesi.com.mx\/wp-content\/uploads\/2022\/06\/business-4313966_1920-1024x768.jpg 1024w, https:\/\/sitesi.com.mx\/wp-content\/uploads\/2022\/06\/business-4313966_1920-300x225.jpg 300w, https:\/\/sitesi.com.mx\/wp-content\/uploads\/2022\/06\/business-4313966_1920-768x576.jpg 768w, https:\/\/sitesi.com.mx\/wp-content\/uploads\/2022\/06\/business-4313966_1920-1536x1152.jpg 1536w, https:\/\/sitesi.com.mx\/wp-content\/uploads\/2022\/06\/business-4313966_1920.jpg 1920w\" sizes=\"(max-width: 1024px) 100vw, 1024px\" \/>\t\t\t\t\t\t\t\t\t\t\t\t\t\t\t<\/div>\n\t\t\t\t<\/div>\n\t\t\t\t\t<\/div>\n\t\t<\/div>\n\t\t\t\t\t\t\t<\/div>\n\t\t<\/section>\n\t\t\t\t\t\t\t<\/div>\n\t\t","protected":false},"excerpt":{"rendered":"<p>Certificaci\u00f3n ISO 27001 Se emplea para la certificaci\u00f3n de los sistemas de gesti\u00f3n de seguridad de la informaci\u00f3n en las organizaciones empresariales. Dise\u00f1o de Redes Infraestructura de red inteligente para las actuales soluciones empresariales. Mediante la convergencia de voz, datos y video, tu empresa tiene los recursos de red estrat\u00e9gicos necesarios para sacar el m\u00e1ximo [&hellip;]<\/p>\n","protected":false},"author":1,"featured_media":0,"parent":0,"menu_order":0,"comment_status":"closed","ping_status":"closed","template":"","meta":{"footnotes":""},"class_list":["post-136","page","type-page","status-publish","hentry"],"_links":{"self":[{"href":"https:\/\/sitesi.com.mx\/index.php?rest_route=\/wp\/v2\/pages\/136"}],"collection":[{"href":"https:\/\/sitesi.com.mx\/index.php?rest_route=\/wp\/v2\/pages"}],"about":[{"href":"https:\/\/sitesi.com.mx\/index.php?rest_route=\/wp\/v2\/types\/page"}],"author":[{"embeddable":true,"href":"https:\/\/sitesi.com.mx\/index.php?rest_route=\/wp\/v2\/users\/1"}],"replies":[{"embeddable":true,"href":"https:\/\/sitesi.com.mx\/index.php?rest_route=%2Fwp%2Fv2%2Fcomments&post=136"}],"version-history":[{"count":10,"href":"https:\/\/sitesi.com.mx\/index.php?rest_route=\/wp\/v2\/pages\/136\/revisions"}],"predecessor-version":[{"id":160,"href":"https:\/\/sitesi.com.mx\/index.php?rest_route=\/wp\/v2\/pages\/136\/revisions\/160"}],"wp:attachment":[{"href":"https:\/\/sitesi.com.mx\/index.php?rest_route=%2Fwp%2Fv2%2Fmedia&parent=136"}],"curies":[{"name":"wp","href":"https:\/\/api.w.org\/{rel}","templated":true}]}}