{"id":2,"date":"2016-05-10T03:48:21","date_gmt":"2016-05-10T03:48:21","guid":{"rendered":"http:\/\/sitesi.com.mx\/?page_id=2"},"modified":"2022-06-25T23:43:56","modified_gmt":"2022-06-25T23:43:56","slug":"sample-page","status":"publish","type":"page","link":"https:\/\/sitesi.com.mx\/?page_id=2","title":{"rendered":"Nosotros"},"content":{"rendered":"\t\t<div data-elementor-type=\"wp-page\" data-elementor-id=\"2\" class=\"elementor elementor-2\">\n\t\t\t\t\t\t\t\t\t<section class=\"elementor-section elementor-top-section elementor-element elementor-element-beebbf5 elementor-section-boxed elementor-section-height-default elementor-section-height-default\" data-id=\"beebbf5\" data-element_type=\"section\">\n\t\t\t\t\t\t<div class=\"elementor-container elementor-column-gap-default\">\n\t\t\t\t\t<div class=\"elementor-column elementor-col-100 elementor-top-column elementor-element elementor-element-4ab2e32\" data-id=\"4ab2e32\" data-element_type=\"column\">\n\t\t\t<div class=\"elementor-widget-wrap elementor-element-populated\">\n\t\t\t\t\t\t\t\t<div class=\"elementor-element elementor-element-e04b6fd elementor-widget elementor-widget-heading\" data-id=\"e04b6fd\" data-element_type=\"widget\" data-widget_type=\"heading.default\">\n\t\t\t\t<div class=\"elementor-widget-container\">\n\t\t\t<style>\/*! elementor - v3.6.6 - 08-06-2022 *\/\n.elementor-heading-title{padding:0;margin:0;line-height:1}.elementor-widget-heading .elementor-heading-title[class*=elementor-size-]>a{color:inherit;font-size:inherit;line-height:inherit}.elementor-widget-heading .elementor-heading-title.elementor-size-small{font-size:15px}.elementor-widget-heading .elementor-heading-title.elementor-size-medium{font-size:19px}.elementor-widget-heading .elementor-heading-title.elementor-size-large{font-size:29px}.elementor-widget-heading .elementor-heading-title.elementor-size-xl{font-size:39px}.elementor-widget-heading .elementor-heading-title.elementor-size-xxl{font-size:59px}<\/style><h2 class=\"elementor-heading-title elementor-size-default\">SITESI <\/h2>\t\t<\/div>\n\t\t\t\t<\/div>\n\t\t\t\t\t<\/div>\n\t\t<\/div>\n\t\t\t\t\t\t\t<\/div>\n\t\t<\/section>\n\t\t\t\t<section class=\"elementor-section elementor-top-section elementor-element elementor-element-38d3a99 elementor-section-boxed elementor-section-height-default elementor-section-height-default\" data-id=\"38d3a99\" data-element_type=\"section\">\n\t\t\t\t\t\t<div class=\"elementor-container elementor-column-gap-default\">\n\t\t\t\t\t<div class=\"elementor-column elementor-col-50 elementor-top-column elementor-element elementor-element-f3768d0\" data-id=\"f3768d0\" data-element_type=\"column\">\n\t\t\t<div class=\"elementor-widget-wrap elementor-element-populated\">\n\t\t\t\t\t\t\t\t<div class=\"elementor-element elementor-element-86a1fb9 elementor-widget elementor-widget-text-editor\" data-id=\"86a1fb9\" data-element_type=\"widget\" data-widget_type=\"text-editor.default\">\n\t\t\t\t<div class=\"elementor-widget-container\">\n\t\t\t<style>\/*! elementor - v3.6.6 - 08-06-2022 *\/\n.elementor-widget-text-editor.elementor-drop-cap-view-stacked .elementor-drop-cap{background-color:#818a91;color:#fff}.elementor-widget-text-editor.elementor-drop-cap-view-framed .elementor-drop-cap{color:#818a91;border:3px solid;background-color:transparent}.elementor-widget-text-editor:not(.elementor-drop-cap-view-default) .elementor-drop-cap{margin-top:8px}.elementor-widget-text-editor:not(.elementor-drop-cap-view-default) .elementor-drop-cap-letter{width:1em;height:1em}.elementor-widget-text-editor .elementor-drop-cap{float:left;text-align:center;line-height:1;font-size:50px}.elementor-widget-text-editor .elementor-drop-cap-letter{display:inline-block}<\/style>\t\t\t\t<h6><strong>Somos una empresa joven conformada por un equipo de profesionales enfocadas en las necesidades de nuestros clientes, en un corto tiempo hemos desarrollado un conjunto de SERVICIOS TECNOL\u00d3GICOS importantes en el sector privado y p\u00fablico, cumpliendo con los costos y tiempos de ejecuci\u00f3n.<\/strong><\/h6><h6>\u00a0<\/h6><h6><strong>SITESI cuenta con personal t\u00e9cnico profesional para cumplir cualquier desaf\u00edo de tiempo y costo.<\/strong><\/h6><h6>\u00a0<\/h6><h6><strong>SITESI es una empresa emprendedora en proceso de crecimiento, con bases s\u00f3lidas para ser una empresa tecnol\u00f3gica Bio-Sustentable.\u00a0<\/strong><\/h6>\t\t\t\t\t\t<\/div>\n\t\t\t\t<\/div>\n\t\t\t\t\t<\/div>\n\t\t<\/div>\n\t\t\t\t<div class=\"elementor-column elementor-col-50 elementor-top-column elementor-element elementor-element-a552bcd\" data-id=\"a552bcd\" data-element_type=\"column\">\n\t\t\t<div class=\"elementor-widget-wrap elementor-element-populated\">\n\t\t\t\t\t\t\t\t<div class=\"elementor-element elementor-element-6c799c6 elementor-widget elementor-widget-image\" data-id=\"6c799c6\" data-element_type=\"widget\" data-widget_type=\"image.default\">\n\t\t\t\t<div class=\"elementor-widget-container\">\n\t\t\t<style>\/*! elementor - v3.6.6 - 08-06-2022 *\/\n.elementor-widget-image{text-align:center}.elementor-widget-image a{display:inline-block}.elementor-widget-image a img[src$=\".svg\"]{width:48px}.elementor-widget-image img{vertical-align:middle;display:inline-block}<\/style>\t\t\t\t\t\t\t\t\t\t\t\t<img loading=\"lazy\" decoding=\"async\" width=\"1024\" height=\"1024\" src=\"https:\/\/sitesi.com.mx\/wp-content\/uploads\/2022\/06\/3-1024x1024.jpeg\" class=\"attachment-large size-large\" alt=\"\" srcset=\"https:\/\/sitesi.com.mx\/wp-content\/uploads\/2022\/06\/3-1024x1024.jpeg 1024w, https:\/\/sitesi.com.mx\/wp-content\/uploads\/2022\/06\/3-300x300.jpeg 300w, https:\/\/sitesi.com.mx\/wp-content\/uploads\/2022\/06\/3-150x150.jpeg 150w, https:\/\/sitesi.com.mx\/wp-content\/uploads\/2022\/06\/3-768x768.jpeg 768w, https:\/\/sitesi.com.mx\/wp-content\/uploads\/2022\/06\/3-1536x1536.jpeg 1536w, https:\/\/sitesi.com.mx\/wp-content\/uploads\/2022\/06\/3.jpeg 1875w\" sizes=\"(max-width: 1024px) 100vw, 1024px\" \/>\t\t\t\t\t\t\t\t\t\t\t\t\t\t\t<\/div>\n\t\t\t\t<\/div>\n\t\t\t\t\t<\/div>\n\t\t<\/div>\n\t\t\t\t\t\t\t<\/div>\n\t\t<\/section>\n\t\t\t\t<section class=\"elementor-section elementor-top-section elementor-element elementor-element-0ae5a82 elementor-section-boxed elementor-section-height-default elementor-section-height-default\" data-id=\"0ae5a82\" data-element_type=\"section\">\n\t\t\t\t\t\t<div class=\"elementor-container elementor-column-gap-default\">\n\t\t\t\t\t<div class=\"elementor-column elementor-col-100 elementor-top-column elementor-element elementor-element-e00b06d\" data-id=\"e00b06d\" data-element_type=\"column\">\n\t\t\t<div class=\"elementor-widget-wrap elementor-element-populated\">\n\t\t\t\t\t\t\t\t<div class=\"elementor-element elementor-element-9e64b17 elementor-widget elementor-widget-heading\" data-id=\"9e64b17\" data-element_type=\"widget\" data-widget_type=\"heading.default\">\n\t\t\t\t<div class=\"elementor-widget-container\">\n\t\t\t<h2 class=\"elementor-heading-title elementor-size-default\">Misi\u00f3n<\/h2>\t\t<\/div>\n\t\t\t\t<\/div>\n\t\t\t\t\t<\/div>\n\t\t<\/div>\n\t\t\t\t\t\t\t<\/div>\n\t\t<\/section>\n\t\t\t\t<section class=\"elementor-section elementor-top-section elementor-element elementor-element-288cc40 elementor-section-boxed elementor-section-height-default elementor-section-height-default\" data-id=\"288cc40\" data-element_type=\"section\">\n\t\t\t\t\t\t<div class=\"elementor-container elementor-column-gap-default\">\n\t\t\t\t\t<div class=\"elementor-column elementor-col-50 elementor-top-column elementor-element elementor-element-267fecc\" data-id=\"267fecc\" data-element_type=\"column\">\n\t\t\t<div class=\"elementor-widget-wrap elementor-element-populated\">\n\t\t\t\t\t\t\t\t<div class=\"elementor-element elementor-element-0b6f297 elementor-widget elementor-widget-text-editor\" data-id=\"0b6f297\" data-element_type=\"widget\" data-widget_type=\"text-editor.default\">\n\t\t\t\t<div class=\"elementor-widget-container\">\n\t\t\t\t\t\t\t<h6>Atender las necesidades de tecnolog\u00eda y comunicaci\u00f3n de nuestros clientes, ofreciendo soluciones inteligentes y servicios integrales que garanticen la seguridad, efectividad y calidad necesarias para la consecuci\u00f3n de sus objetivos; basando nuestro actuar en el poder de nuestra gente, el apoyo de nuestros aliados comerciales y el respeto al medio ambiente.<\/h6>\t\t\t\t\t\t<\/div>\n\t\t\t\t<\/div>\n\t\t\t\t\t<\/div>\n\t\t<\/div>\n\t\t\t\t<div class=\"elementor-column elementor-col-50 elementor-top-column elementor-element elementor-element-8ffe690\" data-id=\"8ffe690\" data-element_type=\"column\">\n\t\t\t<div class=\"elementor-widget-wrap elementor-element-populated\">\n\t\t\t\t\t\t\t\t<div class=\"elementor-element elementor-element-2e015ab elementor-widget elementor-widget-image\" data-id=\"2e015ab\" data-element_type=\"widget\" data-widget_type=\"image.default\">\n\t\t\t\t<div class=\"elementor-widget-container\">\n\t\t\t\t\t\t\t\t\t\t\t\t\t\t\t<img loading=\"lazy\" decoding=\"async\" width=\"1920\" height=\"1271\" src=\"https:\/\/sitesi.com.mx\/wp-content\/uploads\/2022\/06\/business-2879465_1920.jpg\" class=\"attachment-full size-full\" alt=\"\" srcset=\"https:\/\/sitesi.com.mx\/wp-content\/uploads\/2022\/06\/business-2879465_1920.jpg 1920w, https:\/\/sitesi.com.mx\/wp-content\/uploads\/2022\/06\/business-2879465_1920-300x199.jpg 300w, https:\/\/sitesi.com.mx\/wp-content\/uploads\/2022\/06\/business-2879465_1920-1024x678.jpg 1024w, https:\/\/sitesi.com.mx\/wp-content\/uploads\/2022\/06\/business-2879465_1920-768x508.jpg 768w, https:\/\/sitesi.com.mx\/wp-content\/uploads\/2022\/06\/business-2879465_1920-1536x1017.jpg 1536w\" sizes=\"(max-width: 1920px) 100vw, 1920px\" \/>\t\t\t\t\t\t\t\t\t\t\t\t\t\t\t<\/div>\n\t\t\t\t<\/div>\n\t\t\t\t\t<\/div>\n\t\t<\/div>\n\t\t\t\t\t\t\t<\/div>\n\t\t<\/section>\n\t\t\t\t<section class=\"elementor-section elementor-top-section elementor-element elementor-element-8f38c20 elementor-section-boxed elementor-section-height-default elementor-section-height-default\" data-id=\"8f38c20\" data-element_type=\"section\">\n\t\t\t\t\t\t<div class=\"elementor-container elementor-column-gap-default\">\n\t\t\t\t\t<div class=\"elementor-column elementor-col-100 elementor-top-column elementor-element elementor-element-dd9a6bc\" data-id=\"dd9a6bc\" data-element_type=\"column\">\n\t\t\t<div class=\"elementor-widget-wrap elementor-element-populated\">\n\t\t\t\t\t\t\t\t<div class=\"elementor-element elementor-element-c0692c7 elementor-widget elementor-widget-heading\" data-id=\"c0692c7\" data-element_type=\"widget\" data-widget_type=\"heading.default\">\n\t\t\t\t<div class=\"elementor-widget-container\">\n\t\t\t<h2 class=\"elementor-heading-title elementor-size-default\">Visi\u00f3n<\/h2>\t\t<\/div>\n\t\t\t\t<\/div>\n\t\t\t\t\t<\/div>\n\t\t<\/div>\n\t\t\t\t\t\t\t<\/div>\n\t\t<\/section>\n\t\t\t\t<section class=\"elementor-section elementor-top-section elementor-element elementor-element-2021b51 elementor-section-boxed elementor-section-height-default elementor-section-height-default\" data-id=\"2021b51\" data-element_type=\"section\">\n\t\t\t\t\t\t<div class=\"elementor-container elementor-column-gap-default\">\n\t\t\t\t\t<div class=\"elementor-column elementor-col-50 elementor-top-column elementor-element elementor-element-941b227\" data-id=\"941b227\" data-element_type=\"column\">\n\t\t\t<div class=\"elementor-widget-wrap elementor-element-populated\">\n\t\t\t\t\t\t\t\t<div class=\"elementor-element elementor-element-099e766 elementor-widget elementor-widget-image\" data-id=\"099e766\" data-element_type=\"widget\" data-widget_type=\"image.default\">\n\t\t\t\t<div class=\"elementor-widget-container\">\n\t\t\t\t\t\t\t\t\t\t\t\t\t\t\t<img loading=\"lazy\" decoding=\"async\" width=\"1024\" height=\"683\" src=\"https:\/\/sitesi.com.mx\/wp-content\/uploads\/2022\/06\/goal-3535310_1920-1024x683.jpg\" class=\"attachment-large size-large\" alt=\"\" srcset=\"https:\/\/sitesi.com.mx\/wp-content\/uploads\/2022\/06\/goal-3535310_1920-1024x683.jpg 1024w, https:\/\/sitesi.com.mx\/wp-content\/uploads\/2022\/06\/goal-3535310_1920-300x200.jpg 300w, https:\/\/sitesi.com.mx\/wp-content\/uploads\/2022\/06\/goal-3535310_1920-768x512.jpg 768w, https:\/\/sitesi.com.mx\/wp-content\/uploads\/2022\/06\/goal-3535310_1920-1536x1024.jpg 1536w, https:\/\/sitesi.com.mx\/wp-content\/uploads\/2022\/06\/goal-3535310_1920.jpg 1920w\" sizes=\"(max-width: 1024px) 100vw, 1024px\" \/>\t\t\t\t\t\t\t\t\t\t\t\t\t\t\t<\/div>\n\t\t\t\t<\/div>\n\t\t\t\t\t<\/div>\n\t\t<\/div>\n\t\t\t\t<div class=\"elementor-column elementor-col-50 elementor-top-column elementor-element elementor-element-75a4738\" data-id=\"75a4738\" data-element_type=\"column\">\n\t\t\t<div class=\"elementor-widget-wrap elementor-element-populated\">\n\t\t\t\t\t\t\t\t<div class=\"elementor-element elementor-element-eedde8d elementor-widget elementor-widget-text-editor\" data-id=\"eedde8d\" data-element_type=\"widget\" data-widget_type=\"text-editor.default\">\n\t\t\t\t<div class=\"elementor-widget-container\">\n\t\t\t\t\t\t\t<h6>Colocarnos como l\u00edder indiscutible del mercado nacional de las telecomunicaciones, surgiendo como la opci\u00f3n m\u00e1s confiable, capaz y efectiva; que consiga acercar a nuestros clientes al \u00e9xito y nuestro personal a un constante desarrollo humano y profesional.<\/h6>\t\t\t\t\t\t<\/div>\n\t\t\t\t<\/div>\n\t\t\t\t\t<\/div>\n\t\t<\/div>\n\t\t\t\t\t\t\t<\/div>\n\t\t<\/section>\n\t\t\t\t<section class=\"elementor-section elementor-top-section elementor-element elementor-element-261c827 elementor-section-boxed elementor-section-height-default elementor-section-height-default\" data-id=\"261c827\" data-element_type=\"section\">\n\t\t\t\t\t\t<div class=\"elementor-container elementor-column-gap-default\">\n\t\t\t\t\t<div class=\"elementor-column elementor-col-100 elementor-top-column elementor-element elementor-element-504e9cf\" data-id=\"504e9cf\" data-element_type=\"column\">\n\t\t\t<div class=\"elementor-widget-wrap elementor-element-populated\">\n\t\t\t\t\t\t\t\t<div class=\"elementor-element elementor-element-f3da92d elementor-widget elementor-widget-heading\" data-id=\"f3da92d\" data-element_type=\"widget\" data-widget_type=\"heading.default\">\n\t\t\t\t<div class=\"elementor-widget-container\">\n\t\t\t<h2 class=\"elementor-heading-title elementor-size-default\">Valores<\/h2>\t\t<\/div>\n\t\t\t\t<\/div>\n\t\t\t\t\t<\/div>\n\t\t<\/div>\n\t\t\t\t\t\t\t<\/div>\n\t\t<\/section>\n\t\t\t\t<section class=\"elementor-section elementor-top-section elementor-element elementor-element-245a358 elementor-section-boxed elementor-section-height-default elementor-section-height-default\" data-id=\"245a358\" data-element_type=\"section\">\n\t\t\t\t\t\t<div class=\"elementor-container elementor-column-gap-default\">\n\t\t\t\t\t<div class=\"elementor-column elementor-col-50 elementor-top-column elementor-element elementor-element-9df4fd9\" data-id=\"9df4fd9\" data-element_type=\"column\">\n\t\t\t<div class=\"elementor-widget-wrap elementor-element-populated\">\n\t\t\t\t\t\t\t\t<div class=\"elementor-element elementor-element-0c28f09 elementor-widget elementor-widget-text-editor\" data-id=\"0c28f09\" data-element_type=\"widget\" data-widget_type=\"text-editor.default\">\n\t\t\t\t<div class=\"elementor-widget-container\">\n\t\t\t\t\t\t\t<ul><li><h6>Honestidad<\/h6><\/li><li><h6>Capacidad<\/h6><\/li><li><h6>Responsabilidad<\/h6><\/li><li><h6>Proactividad<\/h6><\/li><\/ul>\t\t\t\t\t\t<\/div>\n\t\t\t\t<\/div>\n\t\t\t\t\t<\/div>\n\t\t<\/div>\n\t\t\t\t<div class=\"elementor-column elementor-col-50 elementor-top-column elementor-element elementor-element-8171f47\" data-id=\"8171f47\" data-element_type=\"column\">\n\t\t\t<div class=\"elementor-widget-wrap elementor-element-populated\">\n\t\t\t\t\t\t\t\t<div class=\"elementor-element elementor-element-f9a8f01 elementor-widget elementor-widget-image\" data-id=\"f9a8f01\" data-element_type=\"widget\" data-widget_type=\"image.default\">\n\t\t\t\t<div class=\"elementor-widget-container\">\n\t\t\t\t\t\t\t\t\t\t\t\t\t\t\t<img loading=\"lazy\" decoding=\"async\" width=\"1024\" height=\"645\" src=\"https:\/\/sitesi.com.mx\/wp-content\/uploads\/2022\/06\/economy-3213967_1920-1024x645.jpg\" class=\"attachment-large size-large\" alt=\"\" srcset=\"https:\/\/sitesi.com.mx\/wp-content\/uploads\/2022\/06\/economy-3213967_1920-1024x645.jpg 1024w, https:\/\/sitesi.com.mx\/wp-content\/uploads\/2022\/06\/economy-3213967_1920-300x189.jpg 300w, https:\/\/sitesi.com.mx\/wp-content\/uploads\/2022\/06\/economy-3213967_1920-768x484.jpg 768w, https:\/\/sitesi.com.mx\/wp-content\/uploads\/2022\/06\/economy-3213967_1920-1536x968.jpg 1536w, https:\/\/sitesi.com.mx\/wp-content\/uploads\/2022\/06\/economy-3213967_1920.jpg 1920w\" sizes=\"(max-width: 1024px) 100vw, 1024px\" \/>\t\t\t\t\t\t\t\t\t\t\t\t\t\t\t<\/div>\n\t\t\t\t<\/div>\n\t\t\t\t\t<\/div>\n\t\t<\/div>\n\t\t\t\t\t\t\t<\/div>\n\t\t<\/section>\n\t\t\t\t<section class=\"elementor-section elementor-top-section elementor-element elementor-element-1efa430 elementor-section-boxed elementor-section-height-default elementor-section-height-default\" data-id=\"1efa430\" data-element_type=\"section\">\n\t\t\t\t\t\t<div class=\"elementor-container elementor-column-gap-default\">\n\t\t\t\t\t<div class=\"elementor-column elementor-col-100 elementor-top-column elementor-element elementor-element-d7d26e5\" data-id=\"d7d26e5\" data-element_type=\"column\">\n\t\t\t<div class=\"elementor-widget-wrap elementor-element-populated\">\n\t\t\t\t\t\t\t\t<div class=\"elementor-element elementor-element-f3f3b03 elementor-widget elementor-widget-heading\" data-id=\"f3f3b03\" data-element_type=\"widget\" data-widget_type=\"heading.default\">\n\t\t\t\t<div class=\"elementor-widget-container\">\n\t\t\t<h2 class=\"elementor-heading-title elementor-size-default\">Filosof\u00eda<\/h2>\t\t<\/div>\n\t\t\t\t<\/div>\n\t\t\t\t\t<\/div>\n\t\t<\/div>\n\t\t\t\t\t\t\t<\/div>\n\t\t<\/section>\n\t\t\t\t<section class=\"elementor-section elementor-top-section elementor-element elementor-element-dc83e2d elementor-section-boxed elementor-section-height-default elementor-section-height-default\" data-id=\"dc83e2d\" data-element_type=\"section\">\n\t\t\t\t\t\t<div class=\"elementor-container elementor-column-gap-default\">\n\t\t\t\t\t<div class=\"elementor-column elementor-col-50 elementor-top-column elementor-element elementor-element-b0f9926\" data-id=\"b0f9926\" data-element_type=\"column\">\n\t\t\t<div class=\"elementor-widget-wrap elementor-element-populated\">\n\t\t\t\t\t\t\t\t<div class=\"elementor-element elementor-element-9318558 elementor-widget elementor-widget-image\" data-id=\"9318558\" data-element_type=\"widget\" data-widget_type=\"image.default\">\n\t\t\t\t<div class=\"elementor-widget-container\">\n\t\t\t\t\t\t\t\t\t\t\t\t\t\t\t<img loading=\"lazy\" decoding=\"async\" width=\"1024\" height=\"557\" src=\"https:\/\/sitesi.com.mx\/wp-content\/uploads\/2022\/06\/shaking-hands-3096229_1920-1024x557.jpg\" class=\"attachment-large size-large\" alt=\"\" srcset=\"https:\/\/sitesi.com.mx\/wp-content\/uploads\/2022\/06\/shaking-hands-3096229_1920-1024x557.jpg 1024w, https:\/\/sitesi.com.mx\/wp-content\/uploads\/2022\/06\/shaking-hands-3096229_1920-300x163.jpg 300w, https:\/\/sitesi.com.mx\/wp-content\/uploads\/2022\/06\/shaking-hands-3096229_1920-768x418.jpg 768w, https:\/\/sitesi.com.mx\/wp-content\/uploads\/2022\/06\/shaking-hands-3096229_1920-1536x835.jpg 1536w, https:\/\/sitesi.com.mx\/wp-content\/uploads\/2022\/06\/shaking-hands-3096229_1920.jpg 1920w\" sizes=\"(max-width: 1024px) 100vw, 1024px\" \/>\t\t\t\t\t\t\t\t\t\t\t\t\t\t\t<\/div>\n\t\t\t\t<\/div>\n\t\t\t\t\t<\/div>\n\t\t<\/div>\n\t\t\t\t<div class=\"elementor-column elementor-col-50 elementor-top-column elementor-element elementor-element-2787449\" data-id=\"2787449\" data-element_type=\"column\">\n\t\t\t<div class=\"elementor-widget-wrap elementor-element-populated\">\n\t\t\t\t\t\t\t\t<div class=\"elementor-element elementor-element-65880ee elementor-widget elementor-widget-text-editor\" data-id=\"65880ee\" data-element_type=\"widget\" data-widget_type=\"text-editor.default\">\n\t\t\t\t<div class=\"elementor-widget-container\">\n\t\t\t\t\t\t\t<h6>Nos identificamos como una empresa responsable, comprometidos con las necesidades de nuestros clientes.<\/h6>\t\t\t\t\t\t<\/div>\n\t\t\t\t<\/div>\n\t\t\t\t\t<\/div>\n\t\t<\/div>\n\t\t\t\t\t\t\t<\/div>\n\t\t<\/section>\n\t\t\t\t\t\t\t<\/div>\n\t\t","protected":false},"excerpt":{"rendered":"<p>SITESI Somos una empresa joven conformada por un equipo de profesionales enfocadas en las necesidades de nuestros clientes, en un corto tiempo hemos desarrollado un conjunto de SERVICIOS TECNOL\u00d3GICOS importantes en el sector privado y p\u00fablico, cumpliendo con los costos y tiempos de ejecuci\u00f3n. \u00a0 SITESI cuenta con personal t\u00e9cnico profesional para cumplir cualquier desaf\u00edo [&hellip;]<\/p>\n","protected":false},"author":1,"featured_media":0,"parent":0,"menu_order":0,"comment_status":"closed","ping_status":"open","template":"","meta":{"footnotes":""},"class_list":["post-2","page","type-page","status-publish","hentry"],"_links":{"self":[{"href":"https:\/\/sitesi.com.mx\/index.php?rest_route=\/wp\/v2\/pages\/2"}],"collection":[{"href":"https:\/\/sitesi.com.mx\/index.php?rest_route=\/wp\/v2\/pages"}],"about":[{"href":"https:\/\/sitesi.com.mx\/index.php?rest_route=\/wp\/v2\/types\/page"}],"author":[{"embeddable":true,"href":"https:\/\/sitesi.com.mx\/index.php?rest_route=\/wp\/v2\/users\/1"}],"replies":[{"embeddable":true,"href":"https:\/\/sitesi.com.mx\/index.php?rest_route=%2Fwp%2Fv2%2Fcomments&post=2"}],"version-history":[{"count":23,"href":"https:\/\/sitesi.com.mx\/index.php?rest_route=\/wp\/v2\/pages\/2\/revisions"}],"predecessor-version":[{"id":103,"href":"https:\/\/sitesi.com.mx\/index.php?rest_route=\/wp\/v2\/pages\/2\/revisions\/103"}],"wp:attachment":[{"href":"https:\/\/sitesi.com.mx\/index.php?rest_route=%2Fwp%2Fv2%2Fmedia&parent=2"}],"curies":[{"name":"wp","href":"https:\/\/api.w.org\/{rel}","templated":true}]}}